{"id":2236,"date":"2024-09-20T15:00:53","date_gmt":"2024-09-20T15:00:53","guid":{"rendered":"https:\/\/panoptikum-zuerich.ch\/?page_id=2236"},"modified":"2025-12-24T17:00:49","modified_gmt":"2025-12-24T17:00:49","slug":"ankauf-verkauf","status":"publish","type":"page","link":"https:\/\/panoptikum-zuerich.ch\/?page_id=2236","title":{"rendered":"Ankauf\/Verkauf"},"content":{"rendered":"\n\n\n<h3 style=\"color: rgb(255, 255, 255);\">Verkauf<\/h3>\n<p style=\"color: rgb(255, 255, 255);\">Ich bem\u00fche mich stets die besten Preise f\u00fcr Sie zu erzielen.<\/p>\n<p style=\"color: rgb(255, 255, 255);\">Alle Preise sind auf Anfrage und inkl. 8,1% Mwst.&nbsp;<\/p>\n<p style=\"color: rgb(255, 255, 255);\">Im Basar sind die Preise als Verhandlungsbasis notiert.<\/p>\n<p style=\"color: rgb(255, 255, 255);\">Gerne k\u00f6nnen Sie bei den Objekten ohne Preisangabe ein seri\u00f6s gemeintes Angebot abgeben. S\u00e4mtliche Daten werden vertraulich behandelt. Ich behalte mir vor, unseri\u00f6se Angebote kommentarlos zu l\u00f6schen.<\/p><p style=\"color: rgb(255, 255, 255);\">Der Basar ist er\u00f6ffnet!<\/p><section id=\"8a627659-788c-4bd1-8a1f-ab856621de56\"><h3 style=\"color: rgb(255, 255, 255);\"><br><\/h3><\/section>\n\n<section id=\"8a627659-788c-4bd1-8a1f-ab856621de56\"><h3 style=\"color: rgb(255, 255, 255);\">Ankauf<\/h3><p style=\"color: rgb(255, 255, 255);\">Ich kaufe<span style=\"color:#ffffff;\"><\/span> auch ganze Sammlungen und Nachl\u00e4sse. Rasche diskrete Abwicklung. Barzahlung. Verkaufen Sie nichts ohne meine Offerte!<\/p><\/section><section id=\"400bbf20-1851-4520-849a-ce4e972d7706\"><h4 style=\"color: rgb(255, 255, 255); font-size: medium;\"><span style=\"font-weight: normal;\">Antiquit\u00e4ten, Gold, CH-Uhren<\/span><\/h4><ul><li style=\"color: rgb(255, 255, 255);\">Gold, Alt- und Bruchgold, M\u00fcnzen, Barren<\/li><li style=\"color: rgb(255, 255, 255);\">Silber, Silberbesteck, Antiker Schmuck<\/li><li style=\"color: rgb(255, 255, 255);\">CH-Armbanduhren gerne auch Rolex, IWC, Cartier, AP, GP, usw., Schiffschronographen, Tischuhren.<\/li><li style=\"color: rgb(255, 255, 255);\">Feuerzeuge wie Dupont, Dunhill, Cartier usw.<\/li><li style=\"color: rgb(255, 255, 255);\">Antike Blankwaffen: Schwerter, S\u00e4bel, Degen, Dolche, Messer, Hellebarden, Piken, Speere usw.<\/li><li style=\"color: rgb(255, 255, 255);\">Antike Trutzwaffen: R\u00fcstungen, Helme, Schilde usw.<\/li><li style=\"color: rgb(255, 255, 255);\">Antike Schusswaffen: Ausschliesslich vor 1870!<\/li><li style=\"color: rgb(255, 255, 255);\">Gem\u00e4lde, Bilder, Lithographien, Fotographien, Skulpturen, Statuen, Bronce<span style=\"color:#ffffff;\"><\/span>n, Carvings, Asiatika, Netsuke, Textilien, Kultgegenst\u00e4nde, Porzellan, Spazierst\u00f6cke, Meteoriten, Nautica, Militaria, Orden, Sch\u00e4del, Modellautos wie Corgi\/Dinky Toys, Modellschiffe, Masken usw.<\/li><\/ul><\/section>\n\n\n","protected":false},"excerpt":{"rendered":"","protected":false},"author":4,"featured_media":0,"parent":0,"menu_order":0,"comment_status":"closed","ping_status":"closed","template":"","meta":{"pagelayer_contact_templates":[],"_pagelayer_content":"","footnotes":""},"class_list":["post-2236","page","type-page","status-publish","hentry"],"_links":{"self":[{"href":"https:\/\/panoptikum-zuerich.ch\/index.php?rest_route=\/wp\/v2\/pages\/2236","targetHints":{"allow":["GET"]}}],"collection":[{"href":"https:\/\/panoptikum-zuerich.ch\/index.php?rest_route=\/wp\/v2\/pages"}],"about":[{"href":"https:\/\/panoptikum-zuerich.ch\/index.php?rest_route=\/wp\/v2\/types\/page"}],"author":[{"embeddable":true,"href":"https:\/\/panoptikum-zuerich.ch\/index.php?rest_route=\/wp\/v2\/users\/4"}],"replies":[{"embeddable":true,"href":"https:\/\/panoptikum-zuerich.ch\/index.php?rest_route=%2Fwp%2Fv2%2Fcomments&post=2236"}],"version-history":[{"count":61,"href":"https:\/\/panoptikum-zuerich.ch\/index.php?rest_route=\/wp\/v2\/pages\/2236\/revisions"}],"predecessor-version":[{"id":2752,"href":"https:\/\/panoptikum-zuerich.ch\/index.php?rest_route=\/wp\/v2\/pages\/2236\/revisions\/2752"}],"wp:attachment":[{"href":"https:\/\/panoptikum-zuerich.ch\/index.php?rest_route=%2Fwp%2Fv2%2Fmedia&parent=2236"}],"curies":[{"name":"wp","href":"https:\/\/api.w.org\/{rel}","templated":true}]}}