{"id":68,"date":"2024-08-19T18:54:58","date_gmt":"2024-08-19T18:54:58","guid":{"rendered":"https:\/\/panoptikum-zuerich.ch\/agb\/"},"modified":"2025-12-24T16:28:09","modified_gmt":"2025-12-24T16:28:09","slug":"agb","status":"publish","type":"page","link":"https:\/\/panoptikum-zuerich.ch\/?page_id=68","title":{"rendered":"AGB"},"content":{"rendered":"\n\n\n<div id=\"flags\" class=\"size18\"><ul id=\"sortable\" class=\"ui-sortable\" style=\"float:left\"><li id=\"German\"><a href=\"#\" title=\"German\" class=\"nturl notranslate de flag German\"><\/a><\/li><li id=\"English\"><a href=\"#\" title=\"English\" class=\"nturl notranslate en flag English\"><\/a><\/li><li id=\"French\"><a href=\"#\" title=\"French\" class=\"nturl notranslate fr flag French\"><\/a><\/li><li id=\"Italian\"><a href=\"#\" title=\"Italian\" class=\"nturl notranslate it flag Italian\"><\/a><\/li><li id=\"Dutch\"><a href=\"#\" title=\"Dutch\" class=\"nturl notranslate nl flag Dutch\"><\/a><\/li><\/ul><\/div><div id=\"google_language_translator\" class=\"default-language-de\"><\/div>\n<h2 style=\"color: rgb(255, 255, 255);\">Allgemeine Gesch\u00e4ftsbedingungen (AGB)<\/h2>\t\t\n\t\t<header><\/header><section id=\"content\"><p style=\"color: rgb(255, 255, 255);\">Allgemeine Gesch\u00e4ftsbedingungen des Panoptium Z\u00fcrich<\/p><p style=\"color: rgb(255, 255, 255);\"><strong>1.<\/strong><strong>Anerkennung<\/strong><\/p><p style=\"color: rgb(255, 255, 255);\">Durch\n jede Bestellungserteilung (im Online-Shop, per E-Mail oder telefonisch \netc.) anerkennt der K\u00e4ufer s\u00e4mtliche Punkte dieser Verkaufs- und \nLieferbedingung. Gegenbedingungen, in denen der K\u00e4ufer auf seine \n(Gesch\u00e4fts-) Bedingungen verweist, werden nicht akzeptiert.&nbsp;<\/p><p style=\"color: rgb(255, 255, 255);\"><strong>2. Angebot<\/strong><\/p><p style=\"color: rgb(255, 255, 255);\">Die\n Darstellung der Produkte in unserem Online-Shop stellt kein rechtlich \nbindendes Angebot, sondern einen unverbindlichen Online-Katalog dar. \nAktionsangebote und Sonderaktionen gelten ausdr\u00fccklich nur f\u00fcr die im \nAngebot angegebene Geltungsdauer und solange der Vorrat ab Lager reicht,\n sofern nicht anders angegeben.<\/p><p style=\"color: rgb(255, 255, 255);\"><strong>3. Masse und Abbildungen etc.<\/strong><\/p><p style=\"color: rgb(255, 255, 255);\">S\u00e4mtliche\n Masse, Gewichte, Preise, Angaben und Abbildungen\/Fotos in unseren \nKatalogen (Online-Shop \/ Homepage), Prospekten, Preislisten und \nAngeboten sind unverbindlich. Modell- und Preis\u00e4nderungen sind \nvorbehalten. Beschreibung, technische Angaben und Preise der Produkte \nk\u00f6nnen jederzeit ge\u00e4ndert werden. Typographische oder graphische Fehler,\n Irrt\u00fcmer in den Produktbeschreibungen, Preisen und den technischen \nAngaben bleiben vorbehalten.&nbsp;<\/p><p style=\"color: rgb(255, 255, 255);\"><strong>4. Preise<\/strong><\/p><p style=\"color: rgb(255, 255, 255);\">Die\n Preise sind in Schweizer Franken (CHF)&nbsp;exklusive Mehrwertsteuer \nangegeben. Der Mehrwertsteuerbetrag wird in der Rechnung ausgewiesen.&nbsp;&nbsp;<\/p><p style=\"color: rgb(255, 255, 255);\">Der\n Mindestbestellwert betr\u00e4gt CHF 100.00 (exkl. \nMwSt,&nbsp;Versand,&nbsp;Verpackung). Ausserhalb der Schweiz und dem F\u00fcrstentum \nLiechtenstein betr\u00e4gt der Mindestbestellwert CHF 120.00 (exkl. \nVersand,&nbsp;Verpackung, Verzollung).<\/p><p style=\"color: rgb(255, 255, 255);\"><strong>5<\/strong><strong>. Versand<\/strong><\/p><p style=\"color: rgb(255, 255, 255);\">In\n der Schweiz und dem F\u00fcrstentum Lichtenstein wird pauschal pro Lieferung\n CHF 19.00 und bei&nbsp; Sperrgut CHF&nbsp;39.00 f\u00fcr&nbsp;Versand und Verpackung \nverrechnet. Im Ausland werden die effektiv anfallenden&nbsp;Versand-&nbsp;und \nVerpackungskosten verrechnet.&nbsp;<\/p><p style=\"color: rgb(255, 255, 255);\">Bei Auslandlieferungen (Lieferungen\n ausserhalb der Schweiz und dem F\u00fcrstentum Liechtenstein) k\u00f6nnen \nVerzollungskosten entstehen, die vollumf\u00e4nglich vom Empf\u00e4nger getragen \nwerden. Falls die Zollkosten an uns verrechnet werden, werden diese an \nden Empf\u00e4nger weiterverrechnet. Bei Eingang der Ware in besch\u00e4digtem \nZustand ist der K\u00e4ufer verpflichtet, einen Befund durch den Transporteur\n aufnehmen zu lassen und uns unverz\u00fcglich zu melden. Siehe dazu auch \nMen\u00fcpunkt \u00abBeanstandungen\u00bb in dieser AGB.&nbsp;<\/p><p style=\"color: rgb(255, 255, 255);\"><strong>6<\/strong><strong>. Lieferfristen<\/strong><\/p><p style=\"color: rgb(255, 255, 255);\">Lieferzeitangaben\n werden vom Panoptikum Z\u00fcrich m\u00f6glichst genau ausgewiesen, sind aber \nstets unverbindlich. Kann das Panoptikum Z\u00fcrich einen Liefertermin nicht\n einhalten, ist der K\u00e4ufer nicht berechtigt, die Bestellung zu \nwiderrufen oder irgendwelche Schadenersatzanspr\u00fcche geltend zu machen.&nbsp;<\/p><p style=\"color: rgb(255, 255, 255);\"><strong>7<\/strong><strong>. Zahlungsarten&nbsp;<\/strong><strong>&amp; Zahlungsfrist<\/strong><\/p><p style=\"color: rgb(255, 255, 255);\">Pro\n Sendung erfolgt eine Rechnung. Bei Neukunden oder individuellen \nAnfertigungen wird eine Vorauszahlung verlangt. Wir behalten uns \neine&nbsp;Bonit\u00e4tspr\u00fcfung vor.&nbsp;<\/p><p style=\"color: rgb(255, 255, 255);\">Individuelle Produkte liefern wir nur \ngegen Vorkasse, weil diese auf Mass und mit individueller Ausr\u00fcstung f\u00fcr\n den jeweiligen Kunden gefertigt wurde.<\/p><p style=\"color: rgb(255, 255, 255);\">Bei Kunden die wir gegen \nRechnung beliefern gilt: Kommt es zum Zahlungsr\u00fcckstand, ist das \nPanoptikum Z\u00fcrich berechtigt, pro Zahlungserinnerung eine Mahngeb\u00fchr von\n bis zu CHF 30.00 sowie weitere Geb\u00fchren, insbesondere die Kosten f\u00fcr \nein allf\u00e4lliges Inkassoverfahren, in Rechnung zu stellen.&nbsp;<\/p><p><span style=\"color:#ffffff;\">Panoptikum Z\u00fcrich kann eine Bestellung annullieren oder suspendieren, falls<\/span><span style=\"color:#ffffff;\">(a) ein Kunde nicht kreditw\u00fcrdig ist oder scheint, oder<\/span><span style=\"color:#ffffff;\">(b) eine oder mehrere ausstehende Mahnungen hat.&nbsp;<\/span><\/p><p style=\"color: rgb(255, 255, 255);\"><strong>8<\/strong><strong>. Eigentumsvorbehalt<\/strong><\/p><p style=\"color: rgb(255, 255, 255);\">Die Ware bleibt bis zur vollst\u00e4ndigen Bezahlung Eigentum des Panoptikum Z\u00fcrich<\/p><p style=\"color: rgb(255, 255, 255);\"><strong>9<\/strong><strong>. Beanstandungen<\/strong><\/p><p style=\"color: rgb(255, 255, 255);\">Etwaige\n Beanstandungen der Beschaffenheit, der Menge der gelieferten Ware oder \ndes in Rechnung gestellten Betrages sind dem Panoptikum Z\u00fcrich \nunmittelbar (sp\u00e4testens 5 Tage) nach Empfang der Ware mitzuteilen (per \nE-Mail an: admin@panoptikum-zuerich.ch). Ansonsten gilt die Ware als \neinwandfrei und angenommen.<\/p><p style=\"color: rgb(255, 255, 255);\">Falls die Verpackung besch\u00e4digt sein \nsollte, muss dies dem Boten\/Chauffeur umgehend bei&nbsp;Warenannahme \nmitgeteilt werden. Bei Auslieferungen mit der Spedition werden Sie in \nder Regel gebeten das Abnahmeprotokoll zu unterzeichnen. Bitte Ware&nbsp;vor \nUnterzeichnung&nbsp;genau pr\u00fcfen.<\/p><p style=\"color: rgb(255, 255, 255);\">Transportsch\u00e4den hat der K\u00e4ufer dem \nTransportunternehmen, das die Ware geliefert hat, unverz\u00fcglich \nschriftlich mitzuteilen (z.B. auf dem Abnahmeprotokoll der Spedition) \nund das Panoptikum Z\u00fcrich davon zu unterrichten.&nbsp;&nbsp;<\/p><p style=\"color: rgb(255, 255, 255);\"><strong>1<\/strong><strong>0<\/strong><strong>. Widerrufsrecht<\/strong><\/p><p style=\"color: rgb(255, 255, 255);\">R\u00fccksendungen\n sind nur im Falle von offensichtlichen Material- oder \nHerstellungsfehlern m\u00f6glich. Bitte kontaktieren Sie uns umgehend in \neinem solchen Fall.&nbsp;<\/p><p style=\"color: rgb(255, 255, 255);\">Die Widerrufsfrist betr\u00e4gt vierzehn Tage ab dem Tag, an dem Sie die letzte Ware in Besitz genommen haben.&nbsp;<\/p><p style=\"color: rgb(255, 255, 255);\">Die\n zur\u00fcckgeschickte Ware muss in der Originalverpackung sein. Das \nStornieren einer laufenden Bestellung ist nicht m\u00f6glich. In \nAusnahmef\u00e4llen kann das Panoptikum Z\u00fcrich eine Stornierung akzeptieren, \nin einem solchen Fall werden mindestens 10% der Bestellsumme in Rechnung\n gestellt.&nbsp;<\/p><p style=\"color: rgb(255, 255, 255);\"><strong>11. Haftung<\/strong><\/p><p style=\"color: rgb(255, 255, 255);\">Weiterverarbeiter&nbsp;und\n Endverbraucher sind nicht von der Pflicht entbunden, die Eignung \nunserer Artikel f\u00fcr den konkreten Einsatzzweck zu \u00fcberpr\u00fcfen.&nbsp;<\/p><p style=\"color: rgb(255, 255, 255);\"><strong>1<\/strong><strong>2<\/strong><strong>. \u00c4nderungen<\/strong><\/p><p style=\"color: rgb(255, 255, 255);\">Panoptikum\n Z\u00fcrich ist jederzeit berechtigt, die Allgemeinen Gesch\u00e4ftsbedingungen \ndurch Mitteilung an den K\u00e4ufer oder Publikation auf der Website des \nPanoptikum Z\u00fcrich (gilt f\u00fcr die Website, den Shop, Instagram, und andere\n Kommunikationskan\u00e4le) abzu\u00e4ndern.&nbsp;<\/p><p style=\"color: rgb(255, 255, 255);\"><strong>1<\/strong><strong>3<\/strong><strong>. Urheberrecht<\/strong><\/p><p style=\"color: rgb(255, 255, 255);\">Jede\n Verwertung von Abbildungen und Texten aus unseren Katalogen, Prospekten\n und Webseite, ist ohne unsere schriftliche Genehmigung verboten.&nbsp;<\/p><p style=\"color: rgb(255, 255, 255);\"><strong>1<\/strong><strong>4<\/strong><strong>. Gerichtsstand<\/strong><\/p><p style=\"color: rgb(255, 255, 255);\">Erf\u00fcllungsort und Gerichtsstand ist f\u00fcr alle Anspr\u00fcche das Rechtsdomizil des Anbieters.&nbsp;<\/p><p style=\"color: rgb(255, 255, 255);\">Es gilt schweizerisches Recht.&nbsp;<\/p><p style=\"color: rgb(255, 255, 255);\">Z\u00fcrich, im Januar 2024<\/p><\/section><p><br><\/p>\n\n\n","protected":false},"excerpt":{"rendered":"","protected":false},"author":1,"featured_media":0,"parent":0,"menu_order":0,"comment_status":"closed","ping_status":"closed","template":"","meta":{"pagelayer_contact_templates":[],"_pagelayer_content":"","footnotes":""},"class_list":["post-68","page","type-page","status-publish","hentry"],"_links":{"self":[{"href":"https:\/\/panoptikum-zuerich.ch\/index.php?rest_route=\/wp\/v2\/pages\/68","targetHints":{"allow":["GET"]}}],"collection":[{"href":"https:\/\/panoptikum-zuerich.ch\/index.php?rest_route=\/wp\/v2\/pages"}],"about":[{"href":"https:\/\/panoptikum-zuerich.ch\/index.php?rest_route=\/wp\/v2\/types\/page"}],"author":[{"embeddable":true,"href":"https:\/\/panoptikum-zuerich.ch\/index.php?rest_route=\/wp\/v2\/users\/1"}],"replies":[{"embeddable":true,"href":"https:\/\/panoptikum-zuerich.ch\/index.php?rest_route=%2Fwp%2Fv2%2Fcomments&post=68"}],"version-history":[{"count":10,"href":"https:\/\/panoptikum-zuerich.ch\/index.php?rest_route=\/wp\/v2\/pages\/68\/revisions"}],"predecessor-version":[{"id":2736,"href":"https:\/\/panoptikum-zuerich.ch\/index.php?rest_route=\/wp\/v2\/pages\/68\/revisions\/2736"}],"wp:attachment":[{"href":"https:\/\/panoptikum-zuerich.ch\/index.php?rest_route=%2Fwp%2Fv2%2Fmedia&parent=68"}],"curies":[{"name":"wp","href":"https:\/\/api.w.org\/{rel}","templated":true}]}}