{"id":2440,"date":"2024-11-15T15:04:18","date_gmt":"2024-11-15T15:04:18","guid":{"rendered":"https:\/\/panoptikum-zuerich.ch\/?post_type=product&#038;p=2440"},"modified":"2024-11-28T14:49:41","modified_gmt":"2024-11-28T14:49:41","slug":"schaedel-vom-mensch","status":"publish","type":"product","link":"https:\/\/panoptikum-zuerich.ch\/?product=schaedel-vom-mensch","title":{"rendered":"Sch\u00e4del vom Mensch"},"content":{"rendered":"","protected":false},"excerpt":{"rendered":"<p>Medizinischer Sch\u00e4del vom Mensch, Inschrift: 1898, Universit\u00e4t von Pavia, Italien<\/p>\n","protected":false},"featured_media":2521,"comment_status":"open","ping_status":"closed","template":"","meta":{"pagelayer_contact_templates":[],"_pagelayer_content":""},"product_brand":[],"product_cat":[92],"product_tag":[],"class_list":{"0":"post-2440","1":"product","2":"type-product","3":"status-publish","4":"has-post-thumbnail","6":"product_cat-europa","8":"first","9":"outofstock","10":"shipping-taxable","11":"product-type-simple"},"_links":{"self":[{"href":"https:\/\/panoptikum-zuerich.ch\/index.php?rest_route=\/wp\/v2\/product\/2440","targetHints":{"allow":["GET"]}}],"collection":[{"href":"https:\/\/panoptikum-zuerich.ch\/index.php?rest_route=\/wp\/v2\/product"}],"about":[{"href":"https:\/\/panoptikum-zuerich.ch\/index.php?rest_route=\/wp\/v2\/types\/product"}],"replies":[{"embeddable":true,"href":"https:\/\/panoptikum-zuerich.ch\/index.php?rest_route=%2Fwp%2Fv2%2Fcomments&post=2440"}],"wp:featuredmedia":[{"embeddable":true,"href":"https:\/\/panoptikum-zuerich.ch\/index.php?rest_route=\/wp\/v2\/media\/2521"}],"wp:attachment":[{"href":"https:\/\/panoptikum-zuerich.ch\/index.php?rest_route=%2Fwp%2Fv2%2Fmedia&parent=2440"}],"wp:term":[{"taxonomy":"product_brand","embeddable":true,"href":"https:\/\/panoptikum-zuerich.ch\/index.php?rest_route=%2Fwp%2Fv2%2Fproduct_brand&post=2440"},{"taxonomy":"product_cat","embeddable":true,"href":"https:\/\/panoptikum-zuerich.ch\/index.php?rest_route=%2Fwp%2Fv2%2Fproduct_cat&post=2440"},{"taxonomy":"product_tag","embeddable":true,"href":"https:\/\/panoptikum-zuerich.ch\/index.php?rest_route=%2Fwp%2Fv2%2Fproduct_tag&post=2440"}],"curies":[{"name":"wp","href":"https:\/\/api.w.org\/{rel}","templated":true}]}}