{"id":2656,"date":"2025-01-14T17:29:53","date_gmt":"2025-01-14T17:29:53","guid":{"rendered":"https:\/\/panoptikum-zuerich.ch\/?post_type=product&#038;p=2656"},"modified":"2025-01-17T15:49:58","modified_gmt":"2025-01-17T15:49:58","slug":"hirschfaenger-schweiz","status":"publish","type":"product","link":"https:\/\/panoptikum-zuerich.ch\/?product=hirschfaenger-schweiz","title":{"rendered":"Hirschf\u00e4nger Schweiz"},"content":{"rendered":"","protected":false},"excerpt":{"rendered":"<p>Hirschf\u00e4nger, Klinge mit Jahreszahl als beidseitige Inschrift: 1536, muschelf\u00f6rmiges Parierelement, Kupferlegierung, Griff aus Hirschhorn, Schweiz, L: 72 cm.<\/p>\n","protected":false},"featured_media":2645,"comment_status":"open","ping_status":"closed","template":"","meta":{"pagelayer_contact_templates":[],"_pagelayer_content":""},"product_brand":[],"product_cat":[92],"product_tag":[],"class_list":{"0":"post-2656","1":"product","2":"type-product","3":"status-publish","4":"has-post-thumbnail","6":"product_cat-europa","8":"first","9":"instock","10":"shipping-taxable","11":"purchasable","12":"product-type-simple"},"_links":{"self":[{"href":"https:\/\/panoptikum-zuerich.ch\/index.php?rest_route=\/wp\/v2\/product\/2656","targetHints":{"allow":["GET"]}}],"collection":[{"href":"https:\/\/panoptikum-zuerich.ch\/index.php?rest_route=\/wp\/v2\/product"}],"about":[{"href":"https:\/\/panoptikum-zuerich.ch\/index.php?rest_route=\/wp\/v2\/types\/product"}],"replies":[{"embeddable":true,"href":"https:\/\/panoptikum-zuerich.ch\/index.php?rest_route=%2Fwp%2Fv2%2Fcomments&post=2656"}],"wp:featuredmedia":[{"embeddable":true,"href":"https:\/\/panoptikum-zuerich.ch\/index.php?rest_route=\/wp\/v2\/media\/2645"}],"wp:attachment":[{"href":"https:\/\/panoptikum-zuerich.ch\/index.php?rest_route=%2Fwp%2Fv2%2Fmedia&parent=2656"}],"wp:term":[{"taxonomy":"product_brand","embeddable":true,"href":"https:\/\/panoptikum-zuerich.ch\/index.php?rest_route=%2Fwp%2Fv2%2Fproduct_brand&post=2656"},{"taxonomy":"product_cat","embeddable":true,"href":"https:\/\/panoptikum-zuerich.ch\/index.php?rest_route=%2Fwp%2Fv2%2Fproduct_cat&post=2656"},{"taxonomy":"product_tag","embeddable":true,"href":"https:\/\/panoptikum-zuerich.ch\/index.php?rest_route=%2Fwp%2Fv2%2Fproduct_tag&post=2656"}],"curies":[{"name":"wp","href":"https:\/\/api.w.org\/{rel}","templated":true}]}}